{"id":11,"date":"2017-02-11T15:56:26","date_gmt":"2017-02-11T14:56:26","guid":{"rendered":"http:\/\/olecko.kbwch.pl\/?page_id=11"},"modified":"2017-02-11T15:59:20","modified_gmt":"2017-02-11T14:59:20","slug":"w-co-wierzymy","status":"publish","type":"page","link":"http:\/\/olecko.kbwch.pl\/index.php\/w-co-wierzymy\/","title":{"rendered":"W co wierzymy"},"content":{"rendered":"<ol>\n<li><strong> Wierzymy <\/strong>w osobowego, tr\u00f3jjedynego Boga: Ojca, Syna i Ducha \u015awi\u0119tego.<\/li>\n<li><strong> Wierzymy, <\/strong>\u017ce Pismo \u015awi\u0119te to ksi\u0119ga natchniona przez Boga- S\u0142owo Bo\u017ce, i \u017ce jest nieomylnym, ostatecznym i jedynym autorytetem w sprawach wiary i w wyborze metod dzia\u0142ania.<\/li>\n<li><strong>Wierzymy, <\/strong>\u017ce Jezus Chrystus jest jednorodzonym Synem Bo\u017cym \u2013 odwiecznym i wcielonym S\u0142owem Boga \u2013 kt\u00f3ry si\u0119 pocz\u0105\u0142 z Ducha \u015awi\u0119tego i narodzi\u0142 si\u0119 z Marii Dziewicy. Posiada dwie natury \u2013 bosk\u0105 i ludzk\u0105, jest Synem Bo\u017cym i Synem Cz\u0142owieczym. On poni\u00f3s\u0142 \u015bmier\u0107 na krzy\u017cu za grzech \u015bwiata i zmartwychwsta\u0142 w ciele dla usprawiedliwienia wierz\u0105cych. Po zmartwychwstaniu Jezus Chrystus wst\u0105pi\u0142 do nieba i zasiad\u0142 po prawicy Ojca, sk\u0105d przyjdzie powt\u00f3rnie. Jezus Chrystus jest jedynym po\u015brednikiem mi\u0119dzy Bogiem a cz\u0142owiekiem.<\/li>\n<li><strong> Wierzymy, <\/strong>\u017ce Duch \u015awi\u0119ty przekonuje cz\u0142owieka o grzechu i udziela \u0142aski i mocy nawr\u00f3cenia do Boga. Nawr\u00f3cenie jest wewn\u0119trzn\u0105 decyzj\u0105 powrotu do Boga i jej wykonaniem. Towarzyszy mu odwr\u00f3cenie si\u0119 od ba\u0142wochwalczych i niebiblijnych wierze\u0144 oraz bezbo\u017cnego stylu \u017cycia i zmiana \u00a0my\u015blenia oraz systemu warto\u015bci na wzorzec biblijny.<\/li>\n<li><strong> Wierzymy, <\/strong>\u017ce B\u00f3g Ojciec poci\u0105ga cz\u0142owieka do Syna i objawia mu, \u017ce Jezus jest Bogiem, Panem i Zbawicielem.<\/li>\n<li><strong> Wierzymy, <\/strong>\u017ce cz\u0142owiek jest zbawiony i staje si\u0119 dzieckiem Bo\u017cym jedynie z \u0142aski przez wiar\u0119.<\/li>\n<li><strong> Wierzymy <\/strong>w narodzenie na nowo, darowane przez Boga tym, kt\u00f3rzy nawracaj\u0105 si\u0119 do Niego, pok\u0142adaj\u0105 ca\u0142kowit\u0105 ufno\u015b\u0107 w \u015bmierci i zmartwychwstaniu Jezusa Chrystusa i oddaj\u0105 swoje \u017cycie Jezusowi jako Panu i Zbawicielowi.<\/li>\n<li><strong> Wierzymy, <\/strong>\u017ce przez narodzenie z Boga, cz\u0142owiek otrzymuje do swego wn\u0119trza Ducha \u015awi\u0119tego i ma \u015bmia\u0142y dost\u0119p do Boga przez wiar\u0119 w Jezusa Chrystusa.<\/li>\n<li><strong> Wierzymy <\/strong>w chrzest wodny w wieku \u015bwiadomym, przez ca\u0142kowite zanurzenie osoby nawr\u00f3conej do Boga, jako wyraz pos\u0142usze\u0144stwa nakazowi Jezusa Chrystusa.<\/li>\n<li><strong> Wierzymy <\/strong>w chrzest w Duchu \u015awi\u0119tym polegaj\u0105cy na przyobleczeniu moc\u0105 Bo\u017c\u0105 do \u015bwiadczenia o Jezusie.<\/li>\n<li><strong> Wierzymy<\/strong>, \u017ce Duch \u015awi\u0119ty kszta\u0142tuje w osobie narodzonej z Boga charakter Jezusa, prowadzi j\u0105, pociesza i wprowadza we wszelk\u0105 prawd\u0119 oraz obdarza darami duchowymi wed\u0142ug swojej woli.<\/li>\n<li><strong> Wierzymy <\/strong>w Wieczerz\u0119 Pa\u0144sk\u0105 w postaci chleba i wina na pami\u0105tk\u0119 \u015bmierci Jezusa.<\/li>\n<li><strong> Wierzymy, <\/strong>\u017ce jedynie Jezus Chrystus jest g\u0142ow\u0105 Ko\u015bcio\u0142a (widzialnego i niewidzialnego), za\u015b Ko\u015bci\u00f3\u0142 to<\/li>\n<\/ol>\n<p>wszyscy ludzie narodzeni z Boga.<\/p>\n<ol start=\"14\">\n<li><strong> Wierzymy <\/strong>w powt\u00f3rne przyj\u015bcie Jezusa Chrystusa i porwanie Ko\u015bcio\u0142a.<\/li>\n<\/ol>\n<p><strong>15. Wierzymy <\/strong>w zmartwychwstanie w ciele: sprawiedliwych do \u017cycia wiecznego i niesprawiedliwych na\u00a0\u00a0\u00a0\u00a0\u00a0\u00a0\u00a0 wieczne pot\u0119pienie.<\/p>\n<p><img loading=\"lazy\" decoding=\"async\" class=\"size-full wp-image-7 aligncenter\" src=\"http:\/\/olecko.kbwch.pl\/wp-content\/uploads\/2016\/11\/Bez-tytu\u0142u.png\" alt=\"\" width=\"163\" height=\"176\" \/><\/p>\n","protected":false},"excerpt":{"rendered":"<p>Wierzymy w osobowego, tr\u00f3jjedynego Boga: Ojca, Syna i Ducha \u015awi\u0119tego. Wierzymy, \u017ce Pismo \u015awi\u0119te to ksi\u0119ga natchniona przez Boga- S\u0142owo Bo\u017ce, i \u017ce jest nieomylnym, ostatecznym i jedynym autorytetem w sprawach wiary i w wyborze metod dzia\u0142ania. Wierzymy, \u017ce Jezus Chrystus jest jednorodzonym Synem Bo\u017cym \u2013 odwiecznym i wcielonym S\u0142owem Boga \u2013 kt\u00f3ry si\u0119 pocz\u0105\u0142 [&hellip;]<\/p>\n","protected":false},"author":1,"featured_media":0,"parent":0,"menu_order":0,"comment_status":"closed","ping_status":"closed","template":"","meta":{"footnotes":""},"class_list":["post-11","page","type-page","status-publish","hentry","clear"],"_links":{"self":[{"href":"http:\/\/olecko.kbwch.pl\/index.php\/wp-json\/wp\/v2\/pages\/11","targetHints":{"allow":["GET"]}}],"collection":[{"href":"http:\/\/olecko.kbwch.pl\/index.php\/wp-json\/wp\/v2\/pages"}],"about":[{"href":"http:\/\/olecko.kbwch.pl\/index.php\/wp-json\/wp\/v2\/types\/page"}],"author":[{"embeddable":true,"href":"http:\/\/olecko.kbwch.pl\/index.php\/wp-json\/wp\/v2\/users\/1"}],"replies":[{"embeddable":true,"href":"http:\/\/olecko.kbwch.pl\/index.php\/wp-json\/wp\/v2\/comments?post=11"}],"version-history":[{"count":2,"href":"http:\/\/olecko.kbwch.pl\/index.php\/wp-json\/wp\/v2\/pages\/11\/revisions"}],"predecessor-version":[{"id":14,"href":"http:\/\/olecko.kbwch.pl\/index.php\/wp-json\/wp\/v2\/pages\/11\/revisions\/14"}],"wp:attachment":[{"href":"http:\/\/olecko.kbwch.pl\/index.php\/wp-json\/wp\/v2\/media?parent=11"}],"curies":[{"name":"wp","href":"https:\/\/api.w.org\/{rel}","templated":true}]}}