{"id":71,"date":"2017-03-05T09:28:32","date_gmt":"2017-03-05T08:28:32","guid":{"rendered":"http:\/\/olecko.kbwch.pl\/?page_id=71"},"modified":"2019-09-23T21:09:07","modified_gmt":"2019-09-23T19:09:07","slug":"kontakt","status":"publish","type":"page","link":"http:\/\/olecko.kbwch.pl\/index.php\/kontakt\/","title":{"rendered":"Kontakt"},"content":{"rendered":"<p><strong>Adres do korespondencji i nr telefonu:<\/strong><\/p>\n<p>ul. Kopernika 1\/36, 19-400 Olecko, tel. 502 931 307, r&#97;&#x6e;&#x64;ru&#x73;&#x7a;&#64;k&#98;&#x77;&#x63;h&#46;&#x70;&#x6c;<\/p>\n<p><strong>Miejsce zgromadze\u0144:<\/strong><\/p>\n<p>ul. Armii Krajowej 18<\/p>\n<p><strong>Konto bankowe:<\/strong><\/p>\n<p>Ko\u015bci\u00f3\u0142 Bo\u017cy w Chrystusie zb\u00f3r w Olecku, ul.Armii Krajowej 18<\/p>\n<p>Nr rachunku:<\/p>\n<p>98 1020 4724 0000 3502 0028 2863<\/p>\n<p>PKO Bank Polski oddzia\u0142 1 w Olecku, ul. Plac Wolno\u015bci 24, 19-400 Olecko<\/p>\n","protected":false},"excerpt":{"rendered":"<p>Adres do korespondencji i nr telefonu: ul. Kopernika 1\/36, 19-400 Olecko, tel. 502 931 307, &#x72;&#x61;&#x6e;&#x64;&#x72;&#x75;&#x73;&#x7a;&#x40;&#x6b;&#x62;&#x77;&#x63;&#x68;&#46;&#112;&#108; Miejsce zgromadze\u0144: ul. Armii Krajowej 18 Konto bankowe: Ko\u015bci\u00f3\u0142 Bo\u017cy w Chrystusie zb\u00f3r w Olecku, ul.Armii Krajowej 18 Nr rachunku: 98 1020 4724 0000 3502 0028 2863 PKO Bank Polski oddzia\u0142 1 w Olecku, ul. Plac Wolno\u015bci 24, 19-400 [&hellip;]<\/p>\n","protected":false},"author":1,"featured_media":0,"parent":0,"menu_order":5,"comment_status":"closed","ping_status":"closed","template":"","meta":{"footnotes":""},"class_list":["post-71","page","type-page","status-publish","hentry","clear"],"_links":{"self":[{"href":"http:\/\/olecko.kbwch.pl\/index.php\/wp-json\/wp\/v2\/pages\/71","targetHints":{"allow":["GET"]}}],"collection":[{"href":"http:\/\/olecko.kbwch.pl\/index.php\/wp-json\/wp\/v2\/pages"}],"about":[{"href":"http:\/\/olecko.kbwch.pl\/index.php\/wp-json\/wp\/v2\/types\/page"}],"author":[{"embeddable":true,"href":"http:\/\/olecko.kbwch.pl\/index.php\/wp-json\/wp\/v2\/users\/1"}],"replies":[{"embeddable":true,"href":"http:\/\/olecko.kbwch.pl\/index.php\/wp-json\/wp\/v2\/comments?post=71"}],"version-history":[{"count":5,"href":"http:\/\/olecko.kbwch.pl\/index.php\/wp-json\/wp\/v2\/pages\/71\/revisions"}],"predecessor-version":[{"id":634,"href":"http:\/\/olecko.kbwch.pl\/index.php\/wp-json\/wp\/v2\/pages\/71\/revisions\/634"}],"wp:attachment":[{"href":"http:\/\/olecko.kbwch.pl\/index.php\/wp-json\/wp\/v2\/media?parent=71"}],"curies":[{"name":"wp","href":"https:\/\/api.w.org\/{rel}","templated":true}]}}